{"id":29,"date":"2022-12-05T23:24:43","date_gmt":"2022-12-05T21:24:43","guid":{"rendered":"https:\/\/kretschmer.oeaw.ac.at\/?page_id=29"},"modified":"2023-03-15T18:38:12","modified_gmt":"2023-03-15T16:38:12","slug":"tonaufnahmen","status":"publish","type":"page","link":"https:\/\/kretschmer.oeaw.ac.at\/?page_id=29","title":{"rendered":"TONAUFNAHMEN"},"content":{"rendered":"\t\t<div data-elementor-type=\"wp-page\" data-elementor-id=\"29\" class=\"elementor elementor-29\" data-elementor-post-type=\"page\">\n\t\t\t\t\t\t<section class=\"elementor-section elementor-top-section elementor-element elementor-element-7d22baa1 elementor-section-full_width elementor-section-content-middle elementor-section-height-default elementor-section-height-default\" data-id=\"7d22baa1\" data-element_type=\"section\" data-settings=\"{&quot;background_background&quot;:&quot;classic&quot;}\">\n\t\t\t\t\t\t<div class=\"elementor-container elementor-column-gap-default\">\n\t\t\t\t\t<div class=\"elementor-column elementor-col-50 elementor-top-column elementor-element elementor-element-7db3b6d8\" data-id=\"7db3b6d8\" data-element_type=\"column\">\n\t\t\t<div class=\"elementor-widget-wrap elementor-element-populated\">\n\t\t\t\t\t\t<div class=\"elementor-element elementor-element-58ed96c7 elementor-widget elementor-widget-heading\" data-id=\"58ed96c7\" data-element_type=\"widget\" data-widget_type=\"heading.default\">\n\t\t\t\t<div class=\"elementor-widget-container\">\n\t\t\t<style>\/*! elementor - v3.23.0 - 05-08-2024 *\/\n.elementor-heading-title{padding:0;margin:0;line-height:1}.elementor-widget-heading .elementor-heading-title[class*=elementor-size-]>a{color:inherit;font-size:inherit;line-height:inherit}.elementor-widget-heading .elementor-heading-title.elementor-size-small{font-size:15px}.elementor-widget-heading .elementor-heading-title.elementor-size-medium{font-size:19px}.elementor-widget-heading .elementor-heading-title.elementor-size-large{font-size:29px}.elementor-widget-heading .elementor-heading-title.elementor-size-xl{font-size:39px}.elementor-widget-heading .elementor-heading-title.elementor-size-xxl{font-size:59px}<\/style><h1 class=\"elementor-heading-title elementor-size-default\">ARCHIVPHONOGRAPH<\/h1>\t\t<\/div>\n\t\t\t\t<\/div>\n\t\t\t\t<div class=\"elementor-element elementor-element-164efeb5 elementor-widget elementor-widget-text-editor\" data-id=\"164efeb5\" data-element_type=\"widget\" data-widget_type=\"text-editor.default\">\n\t\t\t\t<div class=\"elementor-widget-container\">\n\t\t\t<style>\/*! elementor - v3.23.0 - 05-08-2024 *\/\n.elementor-widget-text-editor.elementor-drop-cap-view-stacked .elementor-drop-cap{background-color:#69727d;color:#fff}.elementor-widget-text-editor.elementor-drop-cap-view-framed .elementor-drop-cap{color:#69727d;border:3px solid;background-color:transparent}.elementor-widget-text-editor:not(.elementor-drop-cap-view-default) .elementor-drop-cap{margin-top:8px}.elementor-widget-text-editor:not(.elementor-drop-cap-view-default) .elementor-drop-cap-letter{width:1em;height:1em}.elementor-widget-text-editor .elementor-drop-cap{float:left;text-align:center;line-height:1;font-size:50px}.elementor-widget-text-editor .elementor-drop-cap-letter{display:inline-block}<\/style>\t\t\t\t<p>Die Besonderheit der Expedition von Paul Kretschmer liegt unter anderem in der Implementierung des Phonographen in der linguistischen Forschung. Nach der Gr\u00fcndung der Phonogrammarchivs-Kommission 1899 (heute Phonogrammarchiv) wurde ein Phonograph (Archivphonograph Type I) hergestellt, der 1901 bei drei Expeditionen erprobt wurde: in Brasilien, in Kroatien und schlie\u00dflich von Kretschmer in Lesbos.<\/p>\t\t\t\t\t\t<\/div>\n\t\t\t\t<\/div>\n\t\t\t\t\t<\/div>\n\t\t<\/div>\n\t\t\t\t<div class=\"elementor-column elementor-col-50 elementor-top-column elementor-element elementor-element-2331aec6\" data-id=\"2331aec6\" data-element_type=\"column\">\n\t\t\t<div class=\"elementor-widget-wrap elementor-element-populated\">\n\t\t\t\t\t\t<div class=\"elementor-element elementor-element-7dd0667d elementor-widget elementor-widget-image\" data-id=\"7dd0667d\" data-element_type=\"widget\" data-widget_type=\"image.default\">\n\t\t\t\t<div class=\"elementor-widget-container\">\n\t\t\t<style>\/*! elementor - v3.23.0 - 05-08-2024 *\/\n.elementor-widget-image{text-align:center}.elementor-widget-image a{display:inline-block}.elementor-widget-image a img[src$=\".svg\"]{width:48px}.elementor-widget-image img{vertical-align:middle;display:inline-block}<\/style>\t\t\t\t\t\t\t<figure class=\"wp-caption\">\n\t\t\t\t\t\t\t\t\t\t<img fetchpriority=\"high\" decoding=\"async\" width=\"900\" height=\"684\" src=\"https:\/\/kretschmer.oeaw.ac.at\/wp-content\/uploads\/2022\/12\/Archiv-Phonograph-Type-I.jpg\" class=\"attachment-full size-full wp-image-118\" alt=\"\" srcset=\"https:\/\/kretschmer.oeaw.ac.at\/wp-content\/uploads\/2022\/12\/Archiv-Phonograph-Type-I.jpg 900w, https:\/\/kretschmer.oeaw.ac.at\/wp-content\/uploads\/2022\/12\/Archiv-Phonograph-Type-I-300x228.jpg 300w, https:\/\/kretschmer.oeaw.ac.at\/wp-content\/uploads\/2022\/12\/Archiv-Phonograph-Type-I-768x584.jpg 768w\" sizes=\"(max-width: 900px) 100vw, 900px\" \/>\t\t\t\t\t\t\t\t\t\t\t<figcaption class=\"widget-image-caption wp-caption-text\">Der Archivphonograph (Type I) ohne Trichter (\u00a9 Phonogrammarchiv)<\/figcaption>\n\t\t\t\t\t\t\t\t\t\t<\/figure>\n\t\t\t\t\t\t\t<\/div>\n\t\t\t\t<\/div>\n\t\t\t\t\t<\/div>\n\t\t<\/div>\n\t\t\t\t\t<\/div>\n\t\t<\/section>\n\t\t\t\t<section class=\"elementor-section elementor-top-section elementor-element elementor-element-10ebb10a elementor-section-full_width elementor-section-content-middle elementor-section-height-default elementor-section-height-default\" data-id=\"10ebb10a\" data-element_type=\"section\" data-settings=\"{&quot;background_background&quot;:&quot;classic&quot;}\">\n\t\t\t\t\t\t<div class=\"elementor-container elementor-column-gap-default\">\n\t\t\t\t\t<div class=\"elementor-column elementor-col-50 elementor-top-column elementor-element elementor-element-29cac7e0 elementor-hidden-tablet elementor-hidden-mobile\" data-id=\"29cac7e0\" data-element_type=\"column\">\n\t\t\t<div class=\"elementor-widget-wrap elementor-element-populated\">\n\t\t\t\t\t\t<div class=\"elementor-element elementor-element-47cd8fe elementor-widget elementor-widget-image\" data-id=\"47cd8fe\" data-element_type=\"widget\" data-widget_type=\"image.default\">\n\t\t\t\t<div class=\"elementor-widget-container\">\n\t\t\t\t\t\t\t\t\t\t<figure class=\"wp-caption\">\n\t\t\t\t\t\t\t\t\t\t\t<a href=\"https:\/\/kretschmer.oeaw.ac.at\/wp-content\/uploads\/2022\/12\/OeNB-Cod.-Ser.-53996-Stueck-3-14v.jpg\">\n\t\t\t\t\t\t\t<img decoding=\"async\" width=\"419\" height=\"690\" src=\"https:\/\/kretschmer.oeaw.ac.at\/wp-content\/uploads\/2022\/12\/text-120kg.jpg\" class=\"attachment-full size-full wp-image-180\" alt=\"\" srcset=\"https:\/\/kretschmer.oeaw.ac.at\/wp-content\/uploads\/2022\/12\/text-120kg.jpg 419w, https:\/\/kretschmer.oeaw.ac.at\/wp-content\/uploads\/2022\/12\/text-120kg-182x300.jpg 182w\" sizes=\"(max-width: 419px) 100vw, 419px\" \/>\t\t\t\t\t\t\t\t<\/a>\n\t\t\t\t\t\t\t\t\t\t\t<figcaption class=\"widget-image-caption wp-caption-text\">Reisetagebuch Paul Kretschmer 1901 (OeNB: Cod. Ser. 53996, Stueck 3, 14v)<\/figcaption>\n\t\t\t\t\t\t\t\t\t\t<\/figure>\n\t\t\t\t\t\t\t<\/div>\n\t\t\t\t<\/div>\n\t\t\t\t\t<\/div>\n\t\t<\/div>\n\t\t\t\t<div class=\"elementor-column elementor-col-50 elementor-top-column elementor-element elementor-element-20657a46\" data-id=\"20657a46\" data-element_type=\"column\">\n\t\t\t<div class=\"elementor-widget-wrap elementor-element-populated\">\n\t\t\t\t\t\t<div class=\"elementor-element elementor-element-4df378af elementor-widget elementor-widget-heading\" data-id=\"4df378af\" data-element_type=\"widget\" data-widget_type=\"heading.default\">\n\t\t\t\t<div class=\"elementor-widget-container\">\n\t\t\t<h1 class=\"elementor-heading-title elementor-size-default\">120 kg<\/h1>\t\t<\/div>\n\t\t\t\t<\/div>\n\t\t\t\t<div class=\"elementor-element elementor-element-17fdcacd elementor-widget elementor-widget-text-editor\" data-id=\"17fdcacd\" data-element_type=\"widget\" data-widget_type=\"text-editor.default\">\n\t\t\t\t<div class=\"elementor-widget-container\">\n\t\t\t\t\t\t\t<p>Paul Kretschmer notierte die praktischen Schwierigkeiten in der Handhabung des Apparates vor Ort, der zusammen mit den Aufnahmeplatten 120 kg wog. Die Angst der Menschen sowie ihre Befangenheit vor dem Apparat erschwerten unter anderem den Aufnahmeprozess, der darin bestand, dass man ungef\u00e4hr 2 Minuten lang (Aufnahmedauer einer Platte) durchgehend sehr laut und mit einer klaren Artikulation sprechen sollte.<\/p>\t\t\t\t\t\t<\/div>\n\t\t\t\t<\/div>\n\t\t\t\t<div class=\"elementor-element elementor-element-fe6f7e2 elementor-hidden-desktop elementor-widget elementor-widget-image\" data-id=\"fe6f7e2\" data-element_type=\"widget\" data-widget_type=\"image.default\">\n\t\t\t\t<div class=\"elementor-widget-container\">\n\t\t\t\t\t\t\t\t\t\t<figure class=\"wp-caption\">\n\t\t\t\t\t\t\t\t\t\t\t<a href=\"https:\/\/kretschmer.oeaw.ac.at\/wp-content\/uploads\/2022\/12\/OeNB-Cod.-Ser.-53996-Stueck-3-14v.jpg\">\n\t\t\t\t\t\t\t<img decoding=\"async\" width=\"419\" height=\"690\" src=\"https:\/\/kretschmer.oeaw.ac.at\/wp-content\/uploads\/2022\/12\/text-120kg.jpg\" class=\"attachment-full size-full wp-image-180\" alt=\"\" srcset=\"https:\/\/kretschmer.oeaw.ac.at\/wp-content\/uploads\/2022\/12\/text-120kg.jpg 419w, https:\/\/kretschmer.oeaw.ac.at\/wp-content\/uploads\/2022\/12\/text-120kg-182x300.jpg 182w\" sizes=\"(max-width: 419px) 100vw, 419px\" \/>\t\t\t\t\t\t\t\t<\/a>\n\t\t\t\t\t\t\t\t\t\t\t<figcaption class=\"widget-image-caption wp-caption-text\">Reisetagebuch Paul Kretschmer 1901 (OeNB: Cod. Ser. 53996, Stueck 3, 14v)<\/figcaption>\n\t\t\t\t\t\t\t\t\t\t<\/figure>\n\t\t\t\t\t\t\t<\/div>\n\t\t\t\t<\/div>\n\t\t\t\t\t<\/div>\n\t\t<\/div>\n\t\t\t\t\t<\/div>\n\t\t<\/section>\n\t\t\t\t<section class=\"elementor-section elementor-top-section elementor-element elementor-element-3313aa23 elementor-section-full_width elementor-section-content-middle elementor-section-height-default elementor-section-height-default\" data-id=\"3313aa23\" data-element_type=\"section\" data-settings=\"{&quot;background_background&quot;:&quot;classic&quot;}\">\n\t\t\t\t\t\t<div class=\"elementor-container elementor-column-gap-default\">\n\t\t\t\t\t<div class=\"elementor-column elementor-col-50 elementor-top-column elementor-element elementor-element-9d6071\" data-id=\"9d6071\" data-element_type=\"column\">\n\t\t\t<div class=\"elementor-widget-wrap elementor-element-populated\">\n\t\t\t\t\t\t<div class=\"elementor-element elementor-element-27e5681b elementor-widget elementor-widget-heading\" data-id=\"27e5681b\" data-element_type=\"widget\" data-widget_type=\"heading.default\">\n\t\t\t\t<div class=\"elementor-widget-container\">\n\t\t\t<h1 class=\"elementor-heading-title elementor-size-default\">11 TONAUFNAHMEN<\/h1>\t\t<\/div>\n\t\t\t\t<\/div>\n\t\t\t\t<div class=\"elementor-element elementor-element-6771850 elementor-widget elementor-widget-text-editor\" data-id=\"6771850\" data-element_type=\"widget\" data-widget_type=\"text-editor.default\">\n\t\t\t\t<div class=\"elementor-widget-container\">\n\t\t\t\t\t\t\t<p>Nach seiner R\u00fcckkehr nach Wien lieferte Paul Kretschmer drei griechische Lieder ab, die sich heute im Phonogrammarchiv befinden. Diese Lieder, gesungen vom Kirchens\u00e4nger Michail Euthymiadis, geh\u00f6ren zu den \u00e4ltesten publizierten Tonaufnahmen griechischer Musik. Ihre Dokumentation st\u00fctzt sich auf die Protokolle der Tonaufnahmen, die Kretschmer zus\u00e4tzlich zum Audiomaterial abgab. In den Protokollen lassen sich Informationen \u00fcber die jeweilige Aufnahme sowie \u00fcber die wichtigsten Lebensdaten der aufgenommenen Personen finden.<\/p>\t\t\t\t\t\t<\/div>\n\t\t\t\t<\/div>\n\t\t\t\t\t<\/div>\n\t\t<\/div>\n\t\t\t\t<div class=\"elementor-column elementor-col-50 elementor-top-column elementor-element elementor-element-68faddb8\" data-id=\"68faddb8\" data-element_type=\"column\">\n\t\t\t<div class=\"elementor-widget-wrap elementor-element-populated\">\n\t\t\t\t\t\t<div class=\"elementor-element elementor-element-5e792286 elementor-widget elementor-widget-image\" data-id=\"5e792286\" data-element_type=\"widget\" data-widget_type=\"image.default\">\n\t\t\t\t<div class=\"elementor-widget-container\">\n\t\t\t\t\t\t\t\t\t\t<figure class=\"wp-caption\">\n\t\t\t\t\t\t\t\t\t\t\t<a href=\"https:\/\/kretschmer.oeaw.ac.at\/wp-content\/uploads\/2022\/12\/OeNB-Cod.-Ser.-53996-Stueck-3-15r.jpg\">\n\t\t\t\t\t\t\t<img decoding=\"async\" width=\"419\" height=\"690\" src=\"https:\/\/kretschmer.oeaw.ac.at\/wp-content\/uploads\/2022\/12\/bg-text-fds.jpg\" class=\"attachment-full size-full wp-image-182\" alt=\"\" srcset=\"https:\/\/kretschmer.oeaw.ac.at\/wp-content\/uploads\/2022\/12\/bg-text-fds.jpg 419w, https:\/\/kretschmer.oeaw.ac.at\/wp-content\/uploads\/2022\/12\/bg-text-fds-182x300.jpg 182w\" sizes=\"(max-width: 419px) 100vw, 419px\" \/>\t\t\t\t\t\t\t\t<\/a>\n\t\t\t\t\t\t\t\t\t\t\t<figcaption class=\"widget-image-caption wp-caption-text\">Reisetagebuch Paul Kretschmer 1901 (OeNB: Cod. Ser. 53996, Stueck 3, 15r)<\/figcaption>\n\t\t\t\t\t\t\t\t\t\t<\/figure>\n\t\t\t\t\t\t\t<\/div>\n\t\t\t\t<\/div>\n\t\t\t\t\t<\/div>\n\t\t<\/div>\n\t\t\t\t\t<\/div>\n\t\t<\/section>\n\t\t\t\t<section class=\"elementor-section elementor-top-section elementor-element elementor-element-3e4021d7 elementor-section-full_width elementor-section-content-middle elementor-section-height-default elementor-section-height-default\" data-id=\"3e4021d7\" data-element_type=\"section\" data-settings=\"{&quot;background_background&quot;:&quot;classic&quot;}\">\n\t\t\t\t\t\t<div class=\"elementor-container elementor-column-gap-default\">\n\t\t\t\t\t<div class=\"elementor-column elementor-col-50 elementor-top-column elementor-element elementor-element-2f45de88 elementor-hidden-tablet elementor-hidden-mobile\" data-id=\"2f45de88\" data-element_type=\"column\">\n\t\t\t<div class=\"elementor-widget-wrap elementor-element-populated\">\n\t\t\t\t\t\t<div class=\"elementor-element elementor-element-751bbd28 elementor-widget elementor-widget-image\" data-id=\"751bbd28\" data-element_type=\"widget\" data-widget_type=\"image.default\">\n\t\t\t\t<div class=\"elementor-widget-container\">\n\t\t\t\t\t\t\t\t\t\t<figure class=\"wp-caption\">\n\t\t\t\t\t\t\t\t\t\t<img loading=\"lazy\" decoding=\"async\" width=\"602\" height=\"800\" src=\"https:\/\/kretschmer.oeaw.ac.at\/wp-content\/uploads\/2022\/12\/Das-erste-Lied-aus-dem-dritten-Reisetagebuch-von-Kretschmer-1901.jpg\" class=\"attachment-full size-full wp-image-184\" alt=\"\" srcset=\"https:\/\/kretschmer.oeaw.ac.at\/wp-content\/uploads\/2022\/12\/Das-erste-Lied-aus-dem-dritten-Reisetagebuch-von-Kretschmer-1901.jpg 602w, https:\/\/kretschmer.oeaw.ac.at\/wp-content\/uploads\/2022\/12\/Das-erste-Lied-aus-dem-dritten-Reisetagebuch-von-Kretschmer-1901-226x300.jpg 226w\" sizes=\"(max-width: 602px) 100vw, 602px\" \/>\t\t\t\t\t\t\t\t\t\t\t<figcaption class=\"widget-image-caption wp-caption-text\">Das erste Lied aus dem dritten Reisetagebuch von Paul Kretschmer 1901 (OeNB: Cod. Ser. 53996, Stueck 3, 4r)<\/figcaption>\n\t\t\t\t\t\t\t\t\t\t<\/figure>\n\t\t\t\t\t\t\t<\/div>\n\t\t\t\t<\/div>\n\t\t\t\t\t<\/div>\n\t\t<\/div>\n\t\t\t\t<div class=\"elementor-column elementor-col-50 elementor-top-column elementor-element elementor-element-427b1aaa\" data-id=\"427b1aaa\" data-element_type=\"column\">\n\t\t\t<div class=\"elementor-widget-wrap elementor-element-populated\">\n\t\t\t\t\t\t<div class=\"elementor-element elementor-element-2b18bb8 elementor-widget elementor-widget-heading\" data-id=\"2b18bb8\" data-element_type=\"widget\" data-widget_type=\"heading.default\">\n\t\t\t\t<div class=\"elementor-widget-container\">\n\t\t\t<h1 class=\"elementor-heading-title elementor-size-default\">DOKUMENTATION<\/h1>\t\t<\/div>\n\t\t\t\t<\/div>\n\t\t\t\t<div class=\"elementor-element elementor-element-6be5a43d elementor-widget elementor-widget-text-editor\" data-id=\"6be5a43d\" data-element_type=\"widget\" data-widget_type=\"text-editor.default\">\n\t\t\t\t<div class=\"elementor-widget-container\">\n\t\t\t\t\t\t\t<p>Die Transkription der drei Lieder in den Metadaten st\u00fctzt sich auf Kretschmers Notizen im dritten Tagebuch unter dem Titel \u201e<a href=\"https:\/\/kretschmer.oeaw.ac.at\/wp-content\/uploads\/2022\/12\/Phonographische-Aufnahmen.pdf\" target=\"_blank\" rel=\"noopener\">Phonographische Aufnahmen<\/a>\u201c. Da die Lieder lang waren, konnten nicht alle Verse vom Phonographen aufgenommen werden. In Kretschmers Notizen, die die Texte der gesamten Lieder wiedergeben, ist das Ende der Tonaufnahmen mit den Worten \u201ebis hier\u201c gekennzeichnet.<\/p><p>Der Link am Ende der transkribierten Stellen f\u00fchrt zur entsprechenden Seite des Reisetagebuchs. Alle Erg\u00e4nzungen werden in den Transkriptionen in eckigen Klammern wiedergegeben. Runde Klammern l\u00f6sen Abk\u00fcrzungen aus dem Original auf.<\/p>\t\t\t\t\t\t<\/div>\n\t\t\t\t<\/div>\n\t\t\t\t<div class=\"elementor-element elementor-element-fc91e14 elementor-hidden-desktop elementor-widget elementor-widget-image\" data-id=\"fc91e14\" data-element_type=\"widget\" data-widget_type=\"image.default\">\n\t\t\t\t<div class=\"elementor-widget-container\">\n\t\t\t\t\t\t\t\t\t\t<figure class=\"wp-caption\">\n\t\t\t\t\t\t\t\t\t\t<img loading=\"lazy\" decoding=\"async\" width=\"602\" height=\"800\" src=\"https:\/\/kretschmer.oeaw.ac.at\/wp-content\/uploads\/2022\/12\/Das-erste-Lied-aus-dem-dritten-Reisetagebuch-von-Kretschmer-1901.jpg\" class=\"attachment-full size-full wp-image-184\" alt=\"\" srcset=\"https:\/\/kretschmer.oeaw.ac.at\/wp-content\/uploads\/2022\/12\/Das-erste-Lied-aus-dem-dritten-Reisetagebuch-von-Kretschmer-1901.jpg 602w, https:\/\/kretschmer.oeaw.ac.at\/wp-content\/uploads\/2022\/12\/Das-erste-Lied-aus-dem-dritten-Reisetagebuch-von-Kretschmer-1901-226x300.jpg 226w\" sizes=\"(max-width: 602px) 100vw, 602px\" \/>\t\t\t\t\t\t\t\t\t\t\t<figcaption class=\"widget-image-caption wp-caption-text\">Das erste Lied aus dem dritten Reisetagebuch von Paul Kretschmer 1901 (OeNB: Cod. Ser. 53996, Stueck 3, 4r)<\/figcaption>\n\t\t\t\t\t\t\t\t\t\t<\/figure>\n\t\t\t\t\t\t\t<\/div>\n\t\t\t\t<\/div>\n\t\t\t\t\t<\/div>\n\t\t<\/div>\n\t\t\t\t\t<\/div>\n\t\t<\/section>\n\t\t\t\t<section class=\"elementor-section elementor-top-section elementor-element elementor-element-2ac8f484 elementor-section-boxed elementor-section-height-default elementor-section-height-default\" data-id=\"2ac8f484\" data-element_type=\"section\" data-settings=\"{&quot;background_background&quot;:&quot;classic&quot;}\">\n\t\t\t\t\t\t<div class=\"elementor-container elementor-column-gap-default\">\n\t\t\t\t\t<div class=\"elementor-column elementor-col-33 elementor-top-column elementor-element elementor-element-57f98166\" data-id=\"57f98166\" data-element_type=\"column\" data-settings=\"{&quot;background_background&quot;:&quot;classic&quot;}\">\n\t\t\t<div class=\"elementor-widget-wrap elementor-element-populated\">\n\t\t\t\t\t\t<div class=\"elementor-element elementor-element-7ac44dec elementor-position-top elementor-widget elementor-widget-image-box\" data-id=\"7ac44dec\" data-element_type=\"widget\" data-widget_type=\"image-box.default\">\n\t\t\t\t<div class=\"elementor-widget-container\">\n\t\t\t<style>\/*! elementor - v3.23.0 - 05-08-2024 *\/\n.elementor-widget-image-box .elementor-image-box-content{width:100%}@media (min-width:768px){.elementor-widget-image-box.elementor-position-left .elementor-image-box-wrapper,.elementor-widget-image-box.elementor-position-right .elementor-image-box-wrapper{display:flex}.elementor-widget-image-box.elementor-position-right .elementor-image-box-wrapper{text-align:end;flex-direction:row-reverse}.elementor-widget-image-box.elementor-position-left .elementor-image-box-wrapper{text-align:start;flex-direction:row}.elementor-widget-image-box.elementor-position-top .elementor-image-box-img{margin:auto}.elementor-widget-image-box.elementor-vertical-align-top .elementor-image-box-wrapper{align-items:flex-start}.elementor-widget-image-box.elementor-vertical-align-middle .elementor-image-box-wrapper{align-items:center}.elementor-widget-image-box.elementor-vertical-align-bottom .elementor-image-box-wrapper{align-items:flex-end}}@media (max-width:767px){.elementor-widget-image-box .elementor-image-box-img{margin-left:auto!important;margin-right:auto!important;margin-bottom:15px}}.elementor-widget-image-box .elementor-image-box-img{display:inline-block}.elementor-widget-image-box .elementor-image-box-title a{color:inherit}.elementor-widget-image-box .elementor-image-box-wrapper{text-align:center}.elementor-widget-image-box .elementor-image-box-description{margin:0}<\/style><div class=\"elementor-image-box-wrapper\"><figure class=\"elementor-image-box-img\"><a href=\"https:\/\/kretschmer.oeaw.ac.at\/?page_id=30\" tabindex=\"-1\"><img loading=\"lazy\" decoding=\"async\" width=\"900\" height=\"684\" src=\"https:\/\/kretschmer.oeaw.ac.at\/wp-content\/uploads\/2022\/12\/Archiv-Phonograph-Type-I.jpg\" class=\"elementor-animation-shrink attachment-full size-full wp-image-118\" alt=\"\" srcset=\"https:\/\/kretschmer.oeaw.ac.at\/wp-content\/uploads\/2022\/12\/Archiv-Phonograph-Type-I.jpg 900w, https:\/\/kretschmer.oeaw.ac.at\/wp-content\/uploads\/2022\/12\/Archiv-Phonograph-Type-I-300x228.jpg 300w, https:\/\/kretschmer.oeaw.ac.at\/wp-content\/uploads\/2022\/12\/Archiv-Phonograph-Type-I-768x584.jpg 768w\" sizes=\"(max-width: 900px) 100vw, 900px\" \/><\/a><\/figure><div class=\"elementor-image-box-content\"><h3 class=\"elementor-image-box-title\"><a href=\"https:\/\/kretschmer.oeaw.ac.at\/?page_id=30\">[Auf einsamem Friedhof]<\/a><\/h3><p class=\"elementor-image-box-description\">[\u03a3\u03b5 \u03ba\u03bf\u03b9\u03bc\u03b7\u03c4\u03ae\u03c1\u03b9\u03bf\u03bd \u03ad\u03c1\u03b7\u03bc\u03bf\u03bd]<\/p><\/div><\/div>\t\t<\/div>\n\t\t\t\t<\/div>\n\t\t\t\t\t<\/div>\n\t\t<\/div>\n\t\t\t\t<div class=\"elementor-column elementor-col-33 elementor-top-column elementor-element elementor-element-2e75a74\" data-id=\"2e75a74\" data-element_type=\"column\" data-settings=\"{&quot;background_background&quot;:&quot;classic&quot;}\">\n\t\t\t<div class=\"elementor-widget-wrap elementor-element-populated\">\n\t\t\t\t\t\t<div class=\"elementor-element elementor-element-1aed126a elementor-position-top elementor-widget elementor-widget-image-box\" data-id=\"1aed126a\" data-element_type=\"widget\" data-widget_type=\"image-box.default\">\n\t\t\t\t<div class=\"elementor-widget-container\">\n\t\t\t<div class=\"elementor-image-box-wrapper\"><figure class=\"elementor-image-box-img\"><a href=\"https:\/\/kretschmer.oeaw.ac.at\/?page_id=35\" tabindex=\"-1\"><img loading=\"lazy\" decoding=\"async\" width=\"900\" height=\"684\" src=\"https:\/\/kretschmer.oeaw.ac.at\/wp-content\/uploads\/2022\/12\/Archiv-Phonograph-Type-I.jpg\" class=\"elementor-animation-shrink attachment-full size-full wp-image-118\" alt=\"\" srcset=\"https:\/\/kretschmer.oeaw.ac.at\/wp-content\/uploads\/2022\/12\/Archiv-Phonograph-Type-I.jpg 900w, https:\/\/kretschmer.oeaw.ac.at\/wp-content\/uploads\/2022\/12\/Archiv-Phonograph-Type-I-300x228.jpg 300w, https:\/\/kretschmer.oeaw.ac.at\/wp-content\/uploads\/2022\/12\/Archiv-Phonograph-Type-I-768x584.jpg 768w\" sizes=\"(max-width: 900px) 100vw, 900px\" \/><\/a><\/figure><div class=\"elementor-image-box-content\"><h3 class=\"elementor-image-box-title\"><a href=\"https:\/\/kretschmer.oeaw.ac.at\/?page_id=35\">[Du mein s\u00fc\u00dfer Engel]<\/a><\/h3><p class=\"elementor-image-box-description\">[\u0393\u03bb\u03c5\u03ba\u03cd\u03c4\u03b1\u03c4\u03b5 \u03bc\u03bf\u03c5 \u0386\u03b3\u03b3\u03b5\u03bb\u03b5 \u03b5\u03c3\u03cd]<\/p><\/div><\/div>\t\t<\/div>\n\t\t\t\t<\/div>\n\t\t\t\t\t<\/div>\n\t\t<\/div>\n\t\t\t\t<div class=\"elementor-column elementor-col-33 elementor-top-column elementor-element elementor-element-1fdc352d\" data-id=\"1fdc352d\" data-element_type=\"column\" data-settings=\"{&quot;background_background&quot;:&quot;classic&quot;}\">\n\t\t\t<div class=\"elementor-widget-wrap elementor-element-populated\">\n\t\t\t\t\t\t<div class=\"elementor-element elementor-element-5d20519 elementor-position-top elementor-widget elementor-widget-image-box\" data-id=\"5d20519\" data-element_type=\"widget\" data-widget_type=\"image-box.default\">\n\t\t\t\t<div class=\"elementor-widget-container\">\n\t\t\t<div class=\"elementor-image-box-wrapper\"><figure class=\"elementor-image-box-img\"><a href=\"https:\/\/kretschmer.oeaw.ac.at\/?page_id=36\" tabindex=\"-1\"><img loading=\"lazy\" decoding=\"async\" width=\"900\" height=\"684\" src=\"https:\/\/kretschmer.oeaw.ac.at\/wp-content\/uploads\/2022\/12\/Archiv-Phonograph-Type-I.jpg\" class=\"elementor-animation-shrink attachment-full size-full wp-image-118\" alt=\"\" srcset=\"https:\/\/kretschmer.oeaw.ac.at\/wp-content\/uploads\/2022\/12\/Archiv-Phonograph-Type-I.jpg 900w, https:\/\/kretschmer.oeaw.ac.at\/wp-content\/uploads\/2022\/12\/Archiv-Phonograph-Type-I-300x228.jpg 300w, https:\/\/kretschmer.oeaw.ac.at\/wp-content\/uploads\/2022\/12\/Archiv-Phonograph-Type-I-768x584.jpg 768w\" sizes=\"(max-width: 900px) 100vw, 900px\" \/><\/a><\/figure><div class=\"elementor-image-box-content\"><h3 class=\"elementor-image-box-title\"><a href=\"https:\/\/kretschmer.oeaw.ac.at\/?page_id=36\">[Ein M\u00e4dchen mit blonden Locken]<\/a><\/h3><p class=\"elementor-image-box-description\">[\u039c\u03b9\u03b1 \u03ba\u03cc\u03c1\u03b7 \u03bc\u03b5 \u03be\u03b1\u03bd\u03b8\u03ac \u03bc\u03b1\u03bb\u03bb\u03b9\u03ac]<\/p><\/div><\/div>\t\t<\/div>\n\t\t\t\t<\/div>\n\t\t\t\t\t<\/div>\n\t\t<\/div>\n\t\t\t\t\t<\/div>\n\t\t<\/section>\n\t\t\t\t<\/div>\n\t\t","protected":false},"excerpt":{"rendered":"<p>ARCHIVPHONOGRAPH Die Besonderheit der Expedition von Paul Kretschmer liegt unter anderem in der Implementierung des Phonographen in der linguistischen Forschung. Nach der Gr\u00fcndung der Phonogrammarchivs-Kommission 1899 (heute Phonogrammarchiv) wurde ein Phonograph (Archivphonograph Type I) hergestellt, der 1901 bei drei Expeditionen erprobt wurde: in Brasilien, in Kroatien und schlie\u00dflich von Kretschmer in Lesbos. Der Archivphonograph (Type [&hellip;]<\/p>\n","protected":false},"author":1,"featured_media":0,"parent":0,"menu_order":0,"comment_status":"closed","ping_status":"closed","template":"elementor_header_footer","meta":[],"_links":{"self":[{"href":"https:\/\/kretschmer.oeaw.ac.at\/index.php?rest_route=\/wp\/v2\/pages\/29"}],"collection":[{"href":"https:\/\/kretschmer.oeaw.ac.at\/index.php?rest_route=\/wp\/v2\/pages"}],"about":[{"href":"https:\/\/kretschmer.oeaw.ac.at\/index.php?rest_route=\/wp\/v2\/types\/page"}],"author":[{"embeddable":true,"href":"https:\/\/kretschmer.oeaw.ac.at\/index.php?rest_route=\/wp\/v2\/users\/1"}],"replies":[{"embeddable":true,"href":"https:\/\/kretschmer.oeaw.ac.at\/index.php?rest_route=%2Fwp%2Fv2%2Fcomments&post=29"}],"version-history":[{"count":25,"href":"https:\/\/kretschmer.oeaw.ac.at\/index.php?rest_route=\/wp\/v2\/pages\/29\/revisions"}],"predecessor-version":[{"id":4902,"href":"https:\/\/kretschmer.oeaw.ac.at\/index.php?rest_route=\/wp\/v2\/pages\/29\/revisions\/4902"}],"wp:attachment":[{"href":"https:\/\/kretschmer.oeaw.ac.at\/index.php?rest_route=%2Fwp%2Fv2%2Fmedia&parent=29"}],"curies":[{"name":"wp","href":"https:\/\/api.w.org\/{rel}","templated":true}]}}