{"id":39,"date":"2022-12-05T23:26:41","date_gmt":"2022-12-05T21:26:41","guid":{"rendered":"https:\/\/kretschmer.oeaw.ac.at\/?page_id=39"},"modified":"2023-02-22T23:56:24","modified_gmt":"2023-02-22T21:56:24","slug":"transport","status":"publish","type":"page","link":"https:\/\/kretschmer.oeaw.ac.at\/?page_id=39","title":{"rendered":"TRANSPORT"},"content":{"rendered":"\t\t<div data-elementor-type=\"wp-page\" data-elementor-id=\"39\" class=\"elementor elementor-39\" data-elementor-post-type=\"page\">\n\t\t\t\t\t\t<section class=\"elementor-section elementor-top-section elementor-element elementor-element-79ada2c0 elementor-section-full_width elementor-section-content-middle elementor-section-height-default elementor-section-height-default\" data-id=\"79ada2c0\" data-element_type=\"section\" data-settings=\"{&quot;background_background&quot;:&quot;classic&quot;}\">\n\t\t\t\t\t\t<div class=\"elementor-container elementor-column-gap-default\">\n\t\t\t\t\t<div class=\"elementor-column elementor-col-50 elementor-top-column elementor-element elementor-element-32f1baf1\" data-id=\"32f1baf1\" data-element_type=\"column\">\n\t\t\t<div class=\"elementor-widget-wrap elementor-element-populated\">\n\t\t\t\t\t\t<div class=\"elementor-element elementor-element-45c4e8e5 elementor-widget elementor-widget-heading\" data-id=\"45c4e8e5\" data-element_type=\"widget\" data-widget_type=\"heading.default\">\n\t\t\t\t<div class=\"elementor-widget-container\">\n\t\t\t<style>\/*! elementor - v3.23.0 - 05-08-2024 *\/\n.elementor-heading-title{padding:0;margin:0;line-height:1}.elementor-widget-heading .elementor-heading-title[class*=elementor-size-]>a{color:inherit;font-size:inherit;line-height:inherit}.elementor-widget-heading .elementor-heading-title.elementor-size-small{font-size:15px}.elementor-widget-heading .elementor-heading-title.elementor-size-medium{font-size:19px}.elementor-widget-heading .elementor-heading-title.elementor-size-large{font-size:29px}.elementor-widget-heading .elementor-heading-title.elementor-size-xl{font-size:39px}.elementor-widget-heading .elementor-heading-title.elementor-size-xxl{font-size:59px}<\/style><h1 class=\"elementor-heading-title elementor-size-default\">SCHIFFSTRANSPORT<\/h1>\t\t<\/div>\n\t\t\t\t<\/div>\n\t\t\t\t<div class=\"elementor-element elementor-element-20e71a58 elementor-widget elementor-widget-text-editor\" data-id=\"20e71a58\" data-element_type=\"widget\" data-widget_type=\"text-editor.default\">\n\t\t\t\t<div class=\"elementor-widget-container\">\n\t\t\t<style>\/*! elementor - v3.23.0 - 05-08-2024 *\/\n.elementor-widget-text-editor.elementor-drop-cap-view-stacked .elementor-drop-cap{background-color:#69727d;color:#fff}.elementor-widget-text-editor.elementor-drop-cap-view-framed .elementor-drop-cap{color:#69727d;border:3px solid;background-color:transparent}.elementor-widget-text-editor:not(.elementor-drop-cap-view-default) .elementor-drop-cap{margin-top:8px}.elementor-widget-text-editor:not(.elementor-drop-cap-view-default) .elementor-drop-cap-letter{width:1em;height:1em}.elementor-widget-text-editor .elementor-drop-cap{float:left;text-align:center;line-height:1;font-size:50px}.elementor-widget-text-editor .elementor-drop-cap-letter{display:inline-block}<\/style>\t\t\t\t<p>Gro\u00dfteils reisten Paul und Leona Kretschmer mit Dampfschiffen, die den Hafen von Triest mit dem Osmanischen Reich, Griechenland und Italien verbanden. Das fehlende Stra\u00dfennetz f\u00fchrte dazu, dass die Hafenst\u00e4dte von Inseln wie Lesbos (Mytilini, Plomari, Molyvos) oder Kreta (Chania, Rethymno, Irakleio) am besten \u00fcber den Seeweg erreichbar waren. Oft kam es\u00a0 zu Versp\u00e4tungen in den Fahrpl\u00e4nen der Schiffe.<\/p><p>Heutzutage sind diese Schiffsverbindungen eingestellt und durch Inlandsstra\u00dfen ersetzt worden.<\/p>\t\t\t\t\t\t<\/div>\n\t\t\t\t<\/div>\n\t\t\t\t\t<\/div>\n\t\t<\/div>\n\t\t\t\t<div class=\"elementor-column elementor-col-50 elementor-top-column elementor-element elementor-element-4b178d03\" data-id=\"4b178d03\" data-element_type=\"column\">\n\t\t\t<div class=\"elementor-widget-wrap elementor-element-populated\">\n\t\t\t\t\t\t<div class=\"elementor-element elementor-element-1656a452 elementor-widget elementor-widget-image\" data-id=\"1656a452\" data-element_type=\"widget\" data-widget_type=\"image.default\">\n\t\t\t\t<div class=\"elementor-widget-container\">\n\t\t\t<style>\/*! elementor - v3.23.0 - 05-08-2024 *\/\n.elementor-widget-image{text-align:center}.elementor-widget-image a{display:inline-block}.elementor-widget-image a img[src$=\".svg\"]{width:48px}.elementor-widget-image img{vertical-align:middle;display:inline-block}<\/style>\t\t\t\t\t\t\t<figure class=\"wp-caption\">\n\t\t\t\t\t\t\t\t\t\t\t<a href=\"https:\/\/kretschmer.oeaw.ac.at\/wp-content\/uploads\/2022\/12\/OeNB-Cod.-Ser.-53996-Stueck-10-37r.jpg\">\n\t\t\t\t\t\t\t<img fetchpriority=\"high\" decoding=\"async\" width=\"419\" height=\"690\" src=\"https:\/\/kretschmer.oeaw.ac.at\/wp-content\/uploads\/2022\/12\/note-bg-reise-1.jpg\" class=\"attachment-full size-full wp-image-154\" alt=\"\" srcset=\"https:\/\/kretschmer.oeaw.ac.at\/wp-content\/uploads\/2022\/12\/note-bg-reise-1.jpg 419w, https:\/\/kretschmer.oeaw.ac.at\/wp-content\/uploads\/2022\/12\/note-bg-reise-1-182x300.jpg 182w\" sizes=\"(max-width: 419px) 100vw, 419px\" \/>\t\t\t\t\t\t\t\t<\/a>\n\t\t\t\t\t\t\t\t\t\t\t<figcaption class=\"widget-image-caption wp-caption-text\">Reisetagebuch Paul Kretschmer 1901 (OeNB: Cod. Ser. 53996, Stueck 10, 37r)<\/figcaption>\n\t\t\t\t\t\t\t\t\t\t<\/figure>\n\t\t\t\t\t\t\t<\/div>\n\t\t\t\t<\/div>\n\t\t\t\t\t<\/div>\n\t\t<\/div>\n\t\t\t\t\t<\/div>\n\t\t<\/section>\n\t\t\t\t<section class=\"elementor-section elementor-top-section elementor-element elementor-element-267cedea elementor-section-full_width elementor-section-content-middle elementor-section-height-default elementor-section-height-default\" data-id=\"267cedea\" data-element_type=\"section\" data-settings=\"{&quot;background_background&quot;:&quot;classic&quot;}\">\n\t\t\t\t\t\t<div class=\"elementor-container elementor-column-gap-default\">\n\t\t\t\t\t<div class=\"elementor-column elementor-col-50 elementor-top-column elementor-element elementor-element-54691bd6 elementor-hidden-tablet elementor-hidden-mobile\" data-id=\"54691bd6\" data-element_type=\"column\">\n\t\t\t<div class=\"elementor-widget-wrap elementor-element-populated\">\n\t\t\t\t\t\t<div class=\"elementor-element elementor-element-7366b3f8 elementor-widget elementor-widget-image\" data-id=\"7366b3f8\" data-element_type=\"widget\" data-widget_type=\"image.default\">\n\t\t\t\t<div class=\"elementor-widget-container\">\n\t\t\t\t\t\t\t\t\t\t<figure class=\"wp-caption\">\n\t\t\t\t\t\t\t\t\t\t\t<a href=\"https:\/\/kretschmer.oeaw.ac.at\/wp-content\/uploads\/2022\/12\/OeNB-Cod.-Ser.-53996-Stueck-11-32v.jpg\">\n\t\t\t\t\t\t\t<img decoding=\"async\" width=\"419\" height=\"690\" src=\"https:\/\/kretschmer.oeaw.ac.at\/wp-content\/uploads\/2022\/12\/note-bg-reise-2.jpg\" class=\"attachment-full size-full wp-image-156\" alt=\"\" srcset=\"https:\/\/kretschmer.oeaw.ac.at\/wp-content\/uploads\/2022\/12\/note-bg-reise-2.jpg 419w, https:\/\/kretschmer.oeaw.ac.at\/wp-content\/uploads\/2022\/12\/note-bg-reise-2-182x300.jpg 182w\" sizes=\"(max-width: 419px) 100vw, 419px\" \/>\t\t\t\t\t\t\t\t<\/a>\n\t\t\t\t\t\t\t\t\t\t\t<figcaption class=\"widget-image-caption wp-caption-text\">Reisetagebuch Paul Kretschmer 1901 (OeNB: Cod. Ser. 53996, Stueck 11, 32v)<\/figcaption>\n\t\t\t\t\t\t\t\t\t\t<\/figure>\n\t\t\t\t\t\t\t<\/div>\n\t\t\t\t<\/div>\n\t\t\t\t\t<\/div>\n\t\t<\/div>\n\t\t\t\t<div class=\"elementor-column elementor-col-50 elementor-top-column elementor-element elementor-element-7163cd50\" data-id=\"7163cd50\" data-element_type=\"column\">\n\t\t\t<div class=\"elementor-widget-wrap elementor-element-populated\">\n\t\t\t\t\t\t<div class=\"elementor-element elementor-element-3ea513e8 elementor-widget elementor-widget-heading\" data-id=\"3ea513e8\" data-element_type=\"widget\" data-widget_type=\"heading.default\">\n\t\t\t\t<div class=\"elementor-widget-container\">\n\t\t\t<h1 class=\"elementor-heading-title elementor-size-default\">BARKEN<\/h1>\t\t<\/div>\n\t\t\t\t<\/div>\n\t\t\t\t<div class=\"elementor-element elementor-element-316fb elementor-widget elementor-widget-text-editor\" data-id=\"316fb\" data-element_type=\"widget\" data-widget_type=\"text-editor.default\">\n\t\t\t\t<div class=\"elementor-widget-container\">\n\t\t\t\t\t\t\t<p>Eine gro\u00dfe Herausforderung, die der Seeweg mit sich brachte, war der Transport vom Schiff zum Hafen, da die Gr\u00f6\u00dfe der H\u00e4fen keine direkte Ausschiffung der Passagiere erlaubte, sondern Barken erforderte.<\/p><p>Kretschmer notierte fast in allen H\u00e4fen die Kosten, die die F\u00e4hrm\u00e4nner f\u00fcr den Transport zum und vom Schiff verlangten, und die oft zu Streitereien f\u00fchrten.<\/p>\t\t\t\t\t\t<\/div>\n\t\t\t\t<\/div>\n\t\t\t\t<div class=\"elementor-element elementor-element-ce0f9af elementor-hidden-desktop elementor-widget elementor-widget-image\" data-id=\"ce0f9af\" data-element_type=\"widget\" data-widget_type=\"image.default\">\n\t\t\t\t<div class=\"elementor-widget-container\">\n\t\t\t\t\t\t\t\t\t\t<figure class=\"wp-caption\">\n\t\t\t\t\t\t\t\t\t\t\t<a href=\"https:\/\/kretschmer.oeaw.ac.at\/wp-content\/uploads\/2022\/12\/OeNB-Cod.-Ser.-53996-Stueck-11-32v.jpg\">\n\t\t\t\t\t\t\t<img decoding=\"async\" width=\"419\" height=\"690\" src=\"https:\/\/kretschmer.oeaw.ac.at\/wp-content\/uploads\/2022\/12\/note-bg-reise-2.jpg\" class=\"attachment-full size-full wp-image-156\" alt=\"\" srcset=\"https:\/\/kretschmer.oeaw.ac.at\/wp-content\/uploads\/2022\/12\/note-bg-reise-2.jpg 419w, https:\/\/kretschmer.oeaw.ac.at\/wp-content\/uploads\/2022\/12\/note-bg-reise-2-182x300.jpg 182w\" sizes=\"(max-width: 419px) 100vw, 419px\" \/>\t\t\t\t\t\t\t\t<\/a>\n\t\t\t\t\t\t\t\t\t\t\t<figcaption class=\"widget-image-caption wp-caption-text\">Reisetagebuch Paul Kretschmer 1901 (OeNB: Cod. Ser. 53996, Stueck 11, 32v)<\/figcaption>\n\t\t\t\t\t\t\t\t\t\t<\/figure>\n\t\t\t\t\t\t\t<\/div>\n\t\t\t\t<\/div>\n\t\t\t\t\t<\/div>\n\t\t<\/div>\n\t\t\t\t\t<\/div>\n\t\t<\/section>\n\t\t\t\t<section class=\"elementor-section elementor-top-section elementor-element elementor-element-505bb805 elementor-section-full_width elementor-section-content-middle elementor-section-height-default elementor-section-height-default\" data-id=\"505bb805\" data-element_type=\"section\" data-settings=\"{&quot;background_background&quot;:&quot;classic&quot;}\">\n\t\t\t\t\t\t<div class=\"elementor-container elementor-column-gap-default\">\n\t\t\t\t\t<div class=\"elementor-column elementor-col-50 elementor-top-column elementor-element elementor-element-14653e1f\" data-id=\"14653e1f\" data-element_type=\"column\">\n\t\t\t<div class=\"elementor-widget-wrap elementor-element-populated\">\n\t\t\t\t\t\t<div class=\"elementor-element elementor-element-6736b22d elementor-widget elementor-widget-heading\" data-id=\"6736b22d\" data-element_type=\"widget\" data-widget_type=\"heading.default\">\n\t\t\t\t<div class=\"elementor-widget-container\">\n\t\t\t<h1 class=\"elementor-heading-title elementor-size-default\">LANDTRANSPORT<\/h1>\t\t<\/div>\n\t\t\t\t<\/div>\n\t\t\t\t<div class=\"elementor-element elementor-element-5ef6f3a9 elementor-widget elementor-widget-text-editor\" data-id=\"5ef6f3a9\" data-element_type=\"widget\" data-widget_type=\"text-editor.default\">\n\t\t\t\t<div class=\"elementor-widget-container\">\n\t\t\t\t\t\t\t<p>F\u00fcr das Erreichen der jeweiligen Orte am Festland wird der Transport mit Kutschen und Zweisp\u00e4nnern in den Reisetageb\u00fcchern oft erw\u00e4hnt.<\/p>\t\t\t\t\t\t<\/div>\n\t\t\t\t<\/div>\n\t\t\t\t\t<\/div>\n\t\t<\/div>\n\t\t\t\t<div class=\"elementor-column elementor-col-50 elementor-top-column elementor-element elementor-element-5784abda\" data-id=\"5784abda\" data-element_type=\"column\">\n\t\t\t<div class=\"elementor-widget-wrap elementor-element-populated\">\n\t\t\t\t\t\t<div class=\"elementor-element elementor-element-23b55dde elementor-widget elementor-widget-image\" data-id=\"23b55dde\" data-element_type=\"widget\" data-widget_type=\"image.default\">\n\t\t\t\t<div class=\"elementor-widget-container\">\n\t\t\t\t\t\t\t\t\t\t<figure class=\"wp-caption\">\n\t\t\t\t\t\t\t\t\t\t\t<a href=\"https:\/\/kretschmer.oeaw.ac.at\/?elemenfolio=70-kutsche-in-lesbos\">\n\t\t\t\t\t\t\t<img decoding=\"async\" width=\"800\" height=\"625\" src=\"https:\/\/kretschmer.oeaw.ac.at\/wp-content\/uploads\/2022\/12\/Landtransport.jpg\" class=\"attachment-full size-full wp-image-158\" alt=\"\" srcset=\"https:\/\/kretschmer.oeaw.ac.at\/wp-content\/uploads\/2022\/12\/Landtransport.jpg 800w, https:\/\/kretschmer.oeaw.ac.at\/wp-content\/uploads\/2022\/12\/Landtransport-300x234.jpg 300w, https:\/\/kretschmer.oeaw.ac.at\/wp-content\/uploads\/2022\/12\/Landtransport-768x600.jpg 768w\" sizes=\"(max-width: 800px) 100vw, 800px\" \/>\t\t\t\t\t\t\t\t<\/a>\n\t\t\t\t\t\t\t\t\t\t\t<figcaption class=\"widget-image-caption wp-caption-text\">Landtransport in Lesbos 1901 (\u00a9 \u00d6sterreichische Nationalbibliothek)<\/figcaption>\n\t\t\t\t\t\t\t\t\t\t<\/figure>\n\t\t\t\t\t\t\t<\/div>\n\t\t\t\t<\/div>\n\t\t\t\t\t<\/div>\n\t\t<\/div>\n\t\t\t\t\t<\/div>\n\t\t<\/section>\n\t\t\t\t<\/div>\n\t\t","protected":false},"excerpt":{"rendered":"<p>SCHIFFSTRANSPORT Gro\u00dfteils reisten Paul und Leona Kretschmer mit Dampfschiffen, die den Hafen von Triest mit dem Osmanischen Reich, Griechenland und Italien verbanden. Das fehlende Stra\u00dfennetz f\u00fchrte dazu, dass die Hafenst\u00e4dte von Inseln wie Lesbos (Mytilini, Plomari, Molyvos) oder Kreta (Chania, Rethymno, Irakleio) am besten \u00fcber den Seeweg erreichbar waren. Oft kam es\u00a0 zu Versp\u00e4tungen in [&hellip;]<\/p>\n","protected":false},"author":1,"featured_media":0,"parent":0,"menu_order":0,"comment_status":"closed","ping_status":"closed","template":"elementor_header_footer","meta":[],"_links":{"self":[{"href":"https:\/\/kretschmer.oeaw.ac.at\/index.php?rest_route=\/wp\/v2\/pages\/39"}],"collection":[{"href":"https:\/\/kretschmer.oeaw.ac.at\/index.php?rest_route=\/wp\/v2\/pages"}],"about":[{"href":"https:\/\/kretschmer.oeaw.ac.at\/index.php?rest_route=\/wp\/v2\/types\/page"}],"author":[{"embeddable":true,"href":"https:\/\/kretschmer.oeaw.ac.at\/index.php?rest_route=\/wp\/v2\/users\/1"}],"replies":[{"embeddable":true,"href":"https:\/\/kretschmer.oeaw.ac.at\/index.php?rest_route=%2Fwp%2Fv2%2Fcomments&post=39"}],"version-history":[{"count":13,"href":"https:\/\/kretschmer.oeaw.ac.at\/index.php?rest_route=\/wp\/v2\/pages\/39\/revisions"}],"predecessor-version":[{"id":4688,"href":"https:\/\/kretschmer.oeaw.ac.at\/index.php?rest_route=\/wp\/v2\/pages\/39\/revisions\/4688"}],"wp:attachment":[{"href":"https:\/\/kretschmer.oeaw.ac.at\/index.php?rest_route=%2Fwp%2Fv2%2Fmedia&parent=39"}],"curies":[{"name":"wp","href":"https:\/\/api.w.org\/{rel}","templated":true}]}}