{"id":77,"date":"2022-12-13T18:09:35","date_gmt":"2022-12-13T16:09:35","guid":{"rendered":"https:\/\/kretschmer.oeaw.ac.at\/?page_id=77"},"modified":"2023-02-22T22:17:30","modified_gmt":"2023-02-22T20:17:30","slug":"informationen","status":"publish","type":"page","link":"https:\/\/kretschmer.oeaw.ac.at\/?page_id=77","title":{"rendered":"INFORMATIONEN"},"content":{"rendered":"\t\t<div data-elementor-type=\"wp-page\" data-elementor-id=\"77\" class=\"elementor elementor-77\" data-elementor-post-type=\"page\">\n\t\t\t\t\t\t<section class=\"elementor-section elementor-top-section elementor-element elementor-element-28fe85d6 elementor-section-full_width elementor-section-content-middle elementor-section-height-default elementor-section-height-default\" data-id=\"28fe85d6\" data-element_type=\"section\" data-settings=\"{&quot;background_background&quot;:&quot;classic&quot;}\">\n\t\t\t\t\t\t<div class=\"elementor-container elementor-column-gap-default\">\n\t\t\t\t\t<div class=\"elementor-column elementor-col-50 elementor-top-column elementor-element elementor-element-4d3ea39f\" data-id=\"4d3ea39f\" data-element_type=\"column\">\n\t\t\t<div class=\"elementor-widget-wrap elementor-element-populated\">\n\t\t\t\t\t\t<div class=\"elementor-element elementor-element-31276101 elementor-widget elementor-widget-heading\" data-id=\"31276101\" data-element_type=\"widget\" data-widget_type=\"heading.default\">\n\t\t\t\t<div class=\"elementor-widget-container\">\n\t\t\t<style>\/*! elementor - v3.23.0 - 05-08-2024 *\/\n.elementor-heading-title{padding:0;margin:0;line-height:1}.elementor-widget-heading .elementor-heading-title[class*=elementor-size-]>a{color:inherit;font-size:inherit;line-height:inherit}.elementor-widget-heading .elementor-heading-title.elementor-size-small{font-size:15px}.elementor-widget-heading .elementor-heading-title.elementor-size-medium{font-size:19px}.elementor-widget-heading .elementor-heading-title.elementor-size-large{font-size:29px}.elementor-widget-heading .elementor-heading-title.elementor-size-xl{font-size:39px}.elementor-widget-heading .elementor-heading-title.elementor-size-xxl{font-size:59px}<\/style><h1 class=\"elementor-heading-title elementor-size-default\">INFORMATIONEN<\/h1>\t\t<\/div>\n\t\t\t\t<\/div>\n\t\t\t\t<div class=\"elementor-element elementor-element-71bfc657 elementor-widget elementor-widget-text-editor\" data-id=\"71bfc657\" data-element_type=\"widget\" data-widget_type=\"text-editor.default\">\n\t\t\t\t<div class=\"elementor-widget-container\">\n\t\t\t<style>\/*! elementor - v3.23.0 - 05-08-2024 *\/\n.elementor-widget-text-editor.elementor-drop-cap-view-stacked .elementor-drop-cap{background-color:#69727d;color:#fff}.elementor-widget-text-editor.elementor-drop-cap-view-framed .elementor-drop-cap{color:#69727d;border:3px solid;background-color:transparent}.elementor-widget-text-editor:not(.elementor-drop-cap-view-default) .elementor-drop-cap{margin-top:8px}.elementor-widget-text-editor:not(.elementor-drop-cap-view-default) .elementor-drop-cap-letter{width:1em;height:1em}.elementor-widget-text-editor .elementor-drop-cap{float:left;text-align:center;line-height:1;font-size:50px}.elementor-widget-text-editor .elementor-drop-cap-letter{display:inline-block}<\/style>\t\t\t\tDas Projekt \u201ePaul Kretschmer und seine Reise von Wien nach Lesbos (Griechenland) 1901. Kontextualisierung und Restudy\u201c erforschte das Netzwerk der Lehrenden, die Paul Kretschmer auf seiner Expedition nach Lesbos im Jahr 1901 bei der Sammlung und Auswertung linguistischen Feldforschungsmaterials unterst\u00fctzten.\n\nDie ersten Forschungsergebnisse (Deutsch\/Griechisch) findet man <a href=\"https:\/\/doi.org\/10.5817\/NGB2022-1-1\" target=\"_blank\" rel=\"noopener\">hier<\/a>\t\t\t\t\t\t<\/div>\n\t\t\t\t<\/div>\n\t\t\t\t\t<\/div>\n\t\t<\/div>\n\t\t\t\t<div class=\"elementor-column elementor-col-50 elementor-top-column elementor-element elementor-element-1006c438\" data-id=\"1006c438\" data-element_type=\"column\">\n\t\t\t<div class=\"elementor-widget-wrap elementor-element-populated\">\n\t\t\t\t\t\t<div class=\"elementor-element elementor-element-57f3f8fa elementor-widget elementor-widget-image\" data-id=\"57f3f8fa\" data-element_type=\"widget\" data-widget_type=\"image.default\">\n\t\t\t\t<div class=\"elementor-widget-container\">\n\t\t\t<style>\/*! elementor - v3.23.0 - 05-08-2024 *\/\n.elementor-widget-image{text-align:center}.elementor-widget-image a{display:inline-block}.elementor-widget-image a img[src$=\".svg\"]{width:48px}.elementor-widget-image img{vertical-align:middle;display:inline-block}<\/style>\t\t\t\t\t\t\t<figure class=\"wp-caption\">\n\t\t\t\t\t\t\t\t\t\t\t<a href=\"https:\/\/www.wien.gv.at\/kultur\/abteilung\/\" target=\"_blank\">\n\t\t\t\t\t\t\t<img decoding=\"async\" width=\"390\" height=\"112\" src=\"https:\/\/kretschmer.oeaw.ac.at\/wp-content\/uploads\/2022\/12\/Forderung-Stadt-Wien-2019.jpg\" class=\"attachment-full size-full wp-image-198\" alt=\"\" srcset=\"https:\/\/kretschmer.oeaw.ac.at\/wp-content\/uploads\/2022\/12\/Forderung-Stadt-Wien-2019.jpg 390w, https:\/\/kretschmer.oeaw.ac.at\/wp-content\/uploads\/2022\/12\/Forderung-Stadt-Wien-2019-300x86.jpg 300w\" sizes=\"(max-width: 390px) 100vw, 390px\" \/>\t\t\t\t\t\t\t\t<\/a>\n\t\t\t\t\t\t\t\t\t\t\t<figcaption class=\"widget-image-caption wp-caption-text\">(F\u00f6rderung: Stadt Wien 2019)<\/figcaption>\n\t\t\t\t\t\t\t\t\t\t<\/figure>\n\t\t\t\t\t\t\t<\/div>\n\t\t\t\t<\/div>\n\t\t\t\t\t<\/div>\n\t\t<\/div>\n\t\t\t\t\t<\/div>\n\t\t<\/section>\n\t\t\t\t<section class=\"elementor-section elementor-top-section elementor-element elementor-element-28373c46 elementor-section-full_width elementor-section-content-middle elementor-section-height-default elementor-section-height-default\" data-id=\"28373c46\" data-element_type=\"section\" data-settings=\"{&quot;background_background&quot;:&quot;classic&quot;}\">\n\t\t\t\t\t\t<div class=\"elementor-container elementor-column-gap-default\">\n\t\t\t\t\t<div class=\"elementor-column elementor-col-50 elementor-top-column elementor-element elementor-element-757ac7c3 elementor-hidden-tablet elementor-hidden-mobile\" data-id=\"757ac7c3\" data-element_type=\"column\">\n\t\t\t<div class=\"elementor-widget-wrap elementor-element-populated\">\n\t\t\t\t\t\t<div class=\"elementor-element elementor-element-a46ae0b elementor-widget elementor-widget-image\" data-id=\"a46ae0b\" data-element_type=\"widget\" data-widget_type=\"image.default\">\n\t\t\t\t<div class=\"elementor-widget-container\">\n\t\t\t\t\t\t\t\t\t\t<figure class=\"wp-caption\">\n\t\t\t\t\t\t\t\t\t\t<img fetchpriority=\"high\" decoding=\"async\" width=\"600\" height=\"800\" src=\"https:\/\/kretschmer.oeaw.ac.at\/wp-content\/uploads\/2022\/12\/Online-Edition.jpg\" class=\"attachment-full size-full wp-image-200\" alt=\"\" srcset=\"https:\/\/kretschmer.oeaw.ac.at\/wp-content\/uploads\/2022\/12\/Online-Edition.jpg 600w, https:\/\/kretschmer.oeaw.ac.at\/wp-content\/uploads\/2022\/12\/Online-Edition-225x300.jpg 225w\" sizes=\"(max-width: 600px) 100vw, 600px\" \/>\t\t\t\t\t\t\t\t\t\t\t<figcaption class=\"widget-image-caption wp-caption-text\"><\/figcaption>\n\t\t\t\t\t\t\t\t\t\t<\/figure>\n\t\t\t\t\t\t\t<\/div>\n\t\t\t\t<\/div>\n\t\t\t\t\t<\/div>\n\t\t<\/div>\n\t\t\t\t<div class=\"elementor-column elementor-col-50 elementor-top-column elementor-element elementor-element-2e970a46\" data-id=\"2e970a46\" data-element_type=\"column\">\n\t\t\t<div class=\"elementor-widget-wrap elementor-element-populated\">\n\t\t\t\t\t\t<div class=\"elementor-element elementor-element-742d4317 elementor-widget elementor-widget-heading\" data-id=\"742d4317\" data-element_type=\"widget\" data-widget_type=\"heading.default\">\n\t\t\t\t<div class=\"elementor-widget-container\">\n\t\t\t<h1 class=\"elementor-heading-title elementor-size-default\">ONLINE-EDITION<\/h1>\t\t<\/div>\n\t\t\t\t<\/div>\n\t\t\t\t<div class=\"elementor-element elementor-element-41b62519 elementor-widget elementor-widget-text-editor\" data-id=\"41b62519\" data-element_type=\"widget\" data-widget_type=\"text-editor.default\">\n\t\t\t\t<div class=\"elementor-widget-container\">\n\t\t\t\t\t\t\t<p>Das wichtigste Ergebnis dieses Projekts ist diese Online-Edition aller Fotos und Tonaufnahmen von Paul und Leona Kretschmers Reise im Jahr 1901.<\/p><p>Damit die griechische \u00d6ffentlichkeit und insbesondere die \u201esource community\u201c auf Lesbos Zugang zu Kretschmers Archivmaterial hat, ist die Website zweisprachig (Deutsch\/Griechisch) gestaltet.<\/p>\t\t\t\t\t\t<\/div>\n\t\t\t\t<\/div>\n\t\t\t\t<div class=\"elementor-element elementor-element-0a03b9f elementor-hidden-desktop elementor-widget elementor-widget-image\" data-id=\"0a03b9f\" data-element_type=\"widget\" data-widget_type=\"image.default\">\n\t\t\t\t<div class=\"elementor-widget-container\">\n\t\t\t\t\t\t\t\t\t\t<figure class=\"wp-caption\">\n\t\t\t\t\t\t\t\t\t\t<img fetchpriority=\"high\" decoding=\"async\" width=\"600\" height=\"800\" src=\"https:\/\/kretschmer.oeaw.ac.at\/wp-content\/uploads\/2022\/12\/Online-Edition.jpg\" class=\"attachment-full size-full wp-image-200\" alt=\"\" srcset=\"https:\/\/kretschmer.oeaw.ac.at\/wp-content\/uploads\/2022\/12\/Online-Edition.jpg 600w, https:\/\/kretschmer.oeaw.ac.at\/wp-content\/uploads\/2022\/12\/Online-Edition-225x300.jpg 225w\" sizes=\"(max-width: 600px) 100vw, 600px\" \/>\t\t\t\t\t\t\t\t\t\t\t<figcaption class=\"widget-image-caption wp-caption-text\"><\/figcaption>\n\t\t\t\t\t\t\t\t\t\t<\/figure>\n\t\t\t\t\t\t\t<\/div>\n\t\t\t\t<\/div>\n\t\t\t\t\t<\/div>\n\t\t<\/div>\n\t\t\t\t\t<\/div>\n\t\t<\/section>\n\t\t\t\t<section class=\"elementor-section elementor-top-section elementor-element elementor-element-13f9ea0f elementor-section-full_width elementor-section-content-middle elementor-section-height-default elementor-section-height-default\" data-id=\"13f9ea0f\" data-element_type=\"section\" data-settings=\"{&quot;background_background&quot;:&quot;classic&quot;}\">\n\t\t\t\t\t\t<div class=\"elementor-container elementor-column-gap-default\">\n\t\t\t\t\t<div class=\"elementor-column elementor-col-50 elementor-top-column elementor-element elementor-element-38f6a8f5\" data-id=\"38f6a8f5\" data-element_type=\"column\">\n\t\t\t<div class=\"elementor-widget-wrap elementor-element-populated\">\n\t\t\t\t\t\t<div class=\"elementor-element elementor-element-5738075d elementor-widget elementor-widget-heading\" data-id=\"5738075d\" data-element_type=\"widget\" data-widget_type=\"heading.default\">\n\t\t\t\t<div class=\"elementor-widget-container\">\n\t\t\t<h1 class=\"elementor-heading-title elementor-size-default\">DOKUMENTATION<\/h1>\t\t<\/div>\n\t\t\t\t<\/div>\n\t\t\t\t<div class=\"elementor-element elementor-element-1b1f90ca elementor-widget elementor-widget-text-editor\" data-id=\"1b1f90ca\" data-element_type=\"widget\" data-widget_type=\"text-editor.default\">\n\t\t\t\t<div class=\"elementor-widget-container\">\n\t\t\t\t\t\t\t<p>Die Kontextualisierung des Materials in der Online-Edition st\u00fctzt sich einerseits auf die unver\u00f6ffentlichten <a href=\"http:\/\/data.onb.ac.at\/rec\/AC14015680\" target=\"_blank\" rel=\"noopener\">Reisetageb\u00fccher<\/a> der Lesbos-Reise, die sich im <a href=\"http:\/\/data.onb.ac.at\/rec\/AC14244031\" target=\"_blank\" rel=\"noopener\">Nachlass Paul Kretschmer<\/a> an der <a href=\"https:\/\/www.onb.ac.at\/\" target=\"_blank\" rel=\"noopener\">\u00d6sterreichischen Nationalbibliothek<\/a> (\u00d6NB) befinden, andererseits auf die Quellen des <a href=\"https:\/\/www.oeaw.ac.at\/phonogrammarchiv\/home\" target=\"_blank\" rel=\"noopener\">Phonogrammarchivs<\/a> (PhA) der <a href=\"https:\/\/www.oeaw.ac.at\/oesterreichische-akademie-der-wissenschaften\" target=\"_blank\" rel=\"noopener\">\u00d6sterreichischen Akademie der Wissenschaften<\/a> (\u00d6AW) in Wien.<\/p>\t\t\t\t\t\t<\/div>\n\t\t\t\t<\/div>\n\t\t\t\t\t<\/div>\n\t\t<\/div>\n\t\t\t\t<div class=\"elementor-column elementor-col-50 elementor-top-column elementor-element elementor-element-c1ac87\" data-id=\"c1ac87\" data-element_type=\"column\">\n\t\t\t<div class=\"elementor-widget-wrap elementor-element-populated\">\n\t\t\t\t\t\t<div class=\"elementor-element elementor-element-2d7d4e04 elementor-widget elementor-widget-image\" data-id=\"2d7d4e04\" data-element_type=\"widget\" data-widget_type=\"image.default\">\n\t\t\t\t<div class=\"elementor-widget-container\">\n\t\t\t\t\t\t\t\t\t\t<figure class=\"wp-caption\">\n\t\t\t\t\t\t\t\t\t\t<img decoding=\"async\" width=\"900\" height=\"600\" src=\"https:\/\/kretschmer.oeaw.ac.at\/wp-content\/uploads\/2022\/12\/OAW-Klaus-Pichler.jpg\" class=\"attachment-full size-full wp-image-202\" alt=\"\" srcset=\"https:\/\/kretschmer.oeaw.ac.at\/wp-content\/uploads\/2022\/12\/OAW-Klaus-Pichler.jpg 900w, https:\/\/kretschmer.oeaw.ac.at\/wp-content\/uploads\/2022\/12\/OAW-Klaus-Pichler-300x200.jpg 300w, https:\/\/kretschmer.oeaw.ac.at\/wp-content\/uploads\/2022\/12\/OAW-Klaus-Pichler-768x512.jpg 768w\" sizes=\"(max-width: 900px) 100vw, 900px\" \/>\t\t\t\t\t\t\t\t\t\t\t<figcaption class=\"widget-image-caption wp-caption-text\">\u00a9 \u00d6AW\/Klaus Pichler<\/figcaption>\n\t\t\t\t\t\t\t\t\t\t<\/figure>\n\t\t\t\t\t\t\t<\/div>\n\t\t\t\t<\/div>\n\t\t\t\t\t<\/div>\n\t\t<\/div>\n\t\t\t\t\t<\/div>\n\t\t<\/section>\n\t\t\t\t<section class=\"elementor-section elementor-top-section elementor-element elementor-element-75464b80 elementor-section-full_width elementor-section-content-middle elementor-section-height-default elementor-section-height-default\" data-id=\"75464b80\" data-element_type=\"section\" data-settings=\"{&quot;background_background&quot;:&quot;classic&quot;}\">\n\t\t\t\t\t\t<div class=\"elementor-container elementor-column-gap-default\">\n\t\t\t\t\t<div class=\"elementor-column elementor-col-50 elementor-top-column elementor-element elementor-element-5027a8fc elementor-hidden-tablet elementor-hidden-mobile\" data-id=\"5027a8fc\" data-element_type=\"column\">\n\t\t\t<div class=\"elementor-widget-wrap elementor-element-populated\">\n\t\t\t\t\t\t<div class=\"elementor-element elementor-element-14243f01 elementor-widget elementor-widget-image\" data-id=\"14243f01\" data-element_type=\"widget\" data-widget_type=\"image.default\">\n\t\t\t\t<div class=\"elementor-widget-container\">\n\t\t\t\t\t\t\t\t\t\t<figure class=\"wp-caption\">\n\t\t\t\t\t\t\t\t\t\t<img loading=\"lazy\" decoding=\"async\" width=\"900\" height=\"675\" src=\"https:\/\/kretschmer.oeaw.ac.at\/wp-content\/uploads\/2022\/12\/Agiasos.jpg\" class=\"attachment-full size-full wp-image-204\" alt=\"\" srcset=\"https:\/\/kretschmer.oeaw.ac.at\/wp-content\/uploads\/2022\/12\/Agiasos.jpg 900w, https:\/\/kretschmer.oeaw.ac.at\/wp-content\/uploads\/2022\/12\/Agiasos-300x225.jpg 300w, https:\/\/kretschmer.oeaw.ac.at\/wp-content\/uploads\/2022\/12\/Agiasos-768x576.jpg 768w\" sizes=\"(max-width: 900px) 100vw, 900px\" \/>\t\t\t\t\t\t\t\t\t\t\t<figcaption class=\"widget-image-caption wp-caption-text\">Agiasos (Lesbos) 2020 \u00a9 Stratos Nikolaros<\/figcaption>\n\t\t\t\t\t\t\t\t\t\t<\/figure>\n\t\t\t\t\t\t\t<\/div>\n\t\t\t\t<\/div>\n\t\t\t\t\t<\/div>\n\t\t<\/div>\n\t\t\t\t<div class=\"elementor-column elementor-col-50 elementor-top-column elementor-element elementor-element-56881701\" data-id=\"56881701\" data-element_type=\"column\">\n\t\t\t<div class=\"elementor-widget-wrap elementor-element-populated\">\n\t\t\t\t\t\t<div class=\"elementor-element elementor-element-10208f92 elementor-widget elementor-widget-heading\" data-id=\"10208f92\" data-element_type=\"widget\" data-widget_type=\"heading.default\">\n\t\t\t\t<div class=\"elementor-widget-container\">\n\t\t\t<h1 class=\"elementor-heading-title elementor-size-default\">LESBOS 2020 & 2022<\/h1>\t\t<\/div>\n\t\t\t\t<\/div>\n\t\t\t\t<div class=\"elementor-element elementor-element-70d2603a elementor-widget elementor-widget-text-editor\" data-id=\"70d2603a\" data-element_type=\"widget\" data-widget_type=\"text-editor.default\">\n\t\t\t\t<div class=\"elementor-widget-container\">\n\t\t\t\t\t\t\t<p>Im Rahmen des Projekts haben zwei Reisen nach Lesbos stattgefunden. Auf der ersten Reise (2020) wurden Interviews mit der lokalen Bev\u00f6lkerung zu den drei im Phonogrammarchiv befindlichen Liedern durchgef\u00fchrt, die Paul Kretschmer im Jahr 1901 in Mytilini aufnahm.<\/p><p>Die zweite Reise (2022) diente der Pr\u00e4sentation der Forschungsergebnisse in Agiasos, Kalloni und Plomari.<\/p>\t\t\t\t\t\t<\/div>\n\t\t\t\t<\/div>\n\t\t\t\t<div class=\"elementor-element elementor-element-35b5556 elementor-hidden-desktop elementor-widget elementor-widget-image\" data-id=\"35b5556\" data-element_type=\"widget\" data-widget_type=\"image.default\">\n\t\t\t\t<div class=\"elementor-widget-container\">\n\t\t\t\t\t\t\t\t\t\t<figure class=\"wp-caption\">\n\t\t\t\t\t\t\t\t\t\t<img loading=\"lazy\" decoding=\"async\" width=\"900\" height=\"675\" src=\"https:\/\/kretschmer.oeaw.ac.at\/wp-content\/uploads\/2022\/12\/Agiasos.jpg\" class=\"attachment-full size-full wp-image-204\" alt=\"\" srcset=\"https:\/\/kretschmer.oeaw.ac.at\/wp-content\/uploads\/2022\/12\/Agiasos.jpg 900w, https:\/\/kretschmer.oeaw.ac.at\/wp-content\/uploads\/2022\/12\/Agiasos-300x225.jpg 300w, https:\/\/kretschmer.oeaw.ac.at\/wp-content\/uploads\/2022\/12\/Agiasos-768x576.jpg 768w\" sizes=\"(max-width: 900px) 100vw, 900px\" \/>\t\t\t\t\t\t\t\t\t\t\t<figcaption class=\"widget-image-caption wp-caption-text\">Agiasos (Lesbos) 2020 \u00a9 Stratos Nikolaros<\/figcaption>\n\t\t\t\t\t\t\t\t\t\t<\/figure>\n\t\t\t\t\t\t\t<\/div>\n\t\t\t\t<\/div>\n\t\t\t\t\t<\/div>\n\t\t<\/div>\n\t\t\t\t\t<\/div>\n\t\t<\/section>\n\t\t\t\t<section class=\"elementor-section elementor-top-section elementor-element elementor-element-361b3094 elementor-section-full_width elementor-section-content-middle elementor-section-height-default elementor-section-height-default\" data-id=\"361b3094\" data-element_type=\"section\" data-settings=\"{&quot;background_background&quot;:&quot;classic&quot;}\">\n\t\t\t\t\t\t<div class=\"elementor-container elementor-column-gap-default\">\n\t\t\t\t\t<div class=\"elementor-column elementor-col-50 elementor-top-column elementor-element elementor-element-405ddf3a\" data-id=\"405ddf3a\" data-element_type=\"column\">\n\t\t\t<div class=\"elementor-widget-wrap elementor-element-populated\">\n\t\t\t\t\t\t<div class=\"elementor-element elementor-element-3a82d87 elementor-widget elementor-widget-heading\" data-id=\"3a82d87\" data-element_type=\"widget\" data-widget_type=\"heading.default\">\n\t\t\t\t<div class=\"elementor-widget-container\">\n\t\t\t<h1 class=\"elementor-heading-title elementor-size-default\">RECHTE<\/h1>\t\t<\/div>\n\t\t\t\t<\/div>\n\t\t\t\t<div class=\"elementor-element elementor-element-3405cd25 elementor-widget elementor-widget-text-editor\" data-id=\"3405cd25\" data-element_type=\"widget\" data-widget_type=\"text-editor.default\">\n\t\t\t\t<div class=\"elementor-widget-container\">\n\t\t\t\t\t\t\t<p>Die historischen Bilder sowie die Reisetageb\u00fccher dieser Homepage wurden von der \u00d6sterreichischen Nationalbibliothek zur Verf\u00fcgung gestellt, mit der Erlaubnis sie f\u00fcr dieses Projekt zu verwenden. Jede Nutzung dieses Materials durch Dritte ist mit der \u00d6sterreichischen Nationalbibliothek zu kl\u00e4ren.<br \/>Die Tonaufnahmen auf dieser Website sind Eigentum des Phonogrammarchivs.<\/p>\t\t\t\t\t\t<\/div>\n\t\t\t\t<\/div>\n\t\t\t\t\t<\/div>\n\t\t<\/div>\n\t\t\t\t<div class=\"elementor-column elementor-col-50 elementor-top-column elementor-element elementor-element-11e8fbd5\" data-id=\"11e8fbd5\" data-element_type=\"column\">\n\t\t\t<div class=\"elementor-widget-wrap elementor-element-populated\">\n\t\t\t\t\t\t<div class=\"elementor-element elementor-element-7e8faee6 elementor-widget elementor-widget-image\" data-id=\"7e8faee6\" data-element_type=\"widget\" data-widget_type=\"image.default\">\n\t\t\t\t<div class=\"elementor-widget-container\">\n\t\t\t\t\t\t\t\t\t\t<figure class=\"wp-caption\">\n\t\t\t\t\t\t\t\t\t\t<img loading=\"lazy\" decoding=\"async\" width=\"894\" height=\"596\" src=\"https:\/\/kretschmer.oeaw.ac.at\/wp-content\/uploads\/2022\/12\/Kartela-Rechte.jpg\" class=\"attachment-full size-full wp-image-206\" alt=\"\" srcset=\"https:\/\/kretschmer.oeaw.ac.at\/wp-content\/uploads\/2022\/12\/Kartela-Rechte.jpg 894w, https:\/\/kretschmer.oeaw.ac.at\/wp-content\/uploads\/2022\/12\/Kartela-Rechte-300x200.jpg 300w, https:\/\/kretschmer.oeaw.ac.at\/wp-content\/uploads\/2022\/12\/Kartela-Rechte-768x512.jpg 768w\" sizes=\"(max-width: 894px) 100vw, 894px\" \/>\t\t\t\t\t\t\t\t\t\t\t<figcaption class=\"widget-image-caption wp-caption-text\"><\/figcaption>\n\t\t\t\t\t\t\t\t\t\t<\/figure>\n\t\t\t\t\t\t\t<\/div>\n\t\t\t\t<\/div>\n\t\t\t\t\t<\/div>\n\t\t<\/div>\n\t\t\t\t\t<\/div>\n\t\t<\/section>\n\t\t\t\t<\/div>\n\t\t","protected":false},"excerpt":{"rendered":"<p>INFORMATIONEN Das Projekt \u201ePaul Kretschmer und seine Reise von Wien nach Lesbos (Griechenland) 1901. Kontextualisierung und Restudy\u201c erforschte das Netzwerk der Lehrenden, die Paul Kretschmer auf seiner Expedition nach Lesbos im Jahr 1901 bei der Sammlung und Auswertung linguistischen Feldforschungsmaterials unterst\u00fctzten. Die ersten Forschungsergebnisse (Deutsch\/Griechisch) findet man hier (F\u00f6rderung: Stadt Wien 2019) ONLINE-EDITION Das wichtigste [&hellip;]<\/p>\n","protected":false},"author":1,"featured_media":0,"parent":0,"menu_order":0,"comment_status":"closed","ping_status":"closed","template":"","meta":[],"_links":{"self":[{"href":"https:\/\/kretschmer.oeaw.ac.at\/index.php?rest_route=\/wp\/v2\/pages\/77"}],"collection":[{"href":"https:\/\/kretschmer.oeaw.ac.at\/index.php?rest_route=\/wp\/v2\/pages"}],"about":[{"href":"https:\/\/kretschmer.oeaw.ac.at\/index.php?rest_route=\/wp\/v2\/types\/page"}],"author":[{"embeddable":true,"href":"https:\/\/kretschmer.oeaw.ac.at\/index.php?rest_route=\/wp\/v2\/users\/1"}],"replies":[{"embeddable":true,"href":"https:\/\/kretschmer.oeaw.ac.at\/index.php?rest_route=%2Fwp%2Fv2%2Fcomments&post=77"}],"version-history":[{"count":13,"href":"https:\/\/kretschmer.oeaw.ac.at\/index.php?rest_route=\/wp\/v2\/pages\/77\/revisions"}],"predecessor-version":[{"id":4620,"href":"https:\/\/kretschmer.oeaw.ac.at\/index.php?rest_route=\/wp\/v2\/pages\/77\/revisions\/4620"}],"wp:attachment":[{"href":"https:\/\/kretschmer.oeaw.ac.at\/index.php?rest_route=%2Fwp%2Fv2%2Fmedia&parent=77"}],"curies":[{"name":"wp","href":"https:\/\/api.w.org\/{rel}","templated":true}]}}